{"id":7,"date":"2016-11-18T19:35:34","date_gmt":"2016-11-18T19:35:34","guid":{"rendered":"http:\/\/witalikkowal.nazwa.pl\/instalator\/asu\/?page_id=7"},"modified":"2016-12-07T22:25:06","modified_gmt":"2016-12-07T22:25:06","slug":"czesci","status":"publish","type":"page","link":"https:\/\/asu.pl\/wordpress\/?page_id=7","title":{"rendered":"Cz\u0119\u015bci"},"content":{"rendered":"<p>W naszej ofercie znajdziecie Pa\u0144stwo cz\u0119\u015bci do wszystkich ameryka\u0144skich modeli samochod\u00f3w. &nbsp; Dlaczego warto u nas kupowa\u0107 : &nbsp; Oferowane przez nas cz\u0119\u015bci s\u0105 dost\u0119pne \u201eod r\u0119ki\u201d lub w przeci\u0105gu 24h Jeste\u015bmy bezpo\u015brednim importerem. Dzi\u0119ki temu jeste\u015bmy w stanie \u015b <a href=\"https:\/\/asu.pl\/wordpress\/?page_id=7\" title=\"Read more on %s\" class=\"more-link\">read more<\/a><\/p>\n","protected":false},"excerpt":{"rendered":"<p>W naszej ofercie znajdziecie Pa\u0144stwo cz\u0119\u015bci do wszystkich ameryka\u0144skich modeli samochod\u00f3w. &nbsp; Dlaczego warto u nas kupowa\u0107 : &nbsp; Oferowane przez nas cz\u0119\u015bci s\u0105 dost\u0119pne \u201eod r\u0119ki\u201d lub w przeci\u0105gu 24h Jeste\u015bmy bezpo\u015brednim importerem. Dzi\u0119ki temu jeste\u015bmy w stanie \u015b read more<\/p>\n","protected":false},"author":1,"featured_media":0,"parent":0,"menu_order":4,"comment_status":"closed","ping_status":"closed","template":"","meta":{"footnotes":""},"class_list":["post-7","page","type-page","status-publish","hentry"],"_links":{"self":[{"href":"https:\/\/asu.pl\/wordpress\/index.php?rest_route=\/wp\/v2\/pages\/7","targetHints":{"allow":["GET"]}}],"collection":[{"href":"https:\/\/asu.pl\/wordpress\/index.php?rest_route=\/wp\/v2\/pages"}],"about":[{"href":"https:\/\/asu.pl\/wordpress\/index.php?rest_route=\/wp\/v2\/types\/page"}],"author":[{"embeddable":true,"href":"https:\/\/asu.pl\/wordpress\/index.php?rest_route=\/wp\/v2\/users\/1"}],"replies":[{"embeddable":true,"href":"https:\/\/asu.pl\/wordpress\/index.php?rest_route=%2Fwp%2Fv2%2Fcomments&post=7"}],"version-history":[{"count":5,"href":"https:\/\/asu.pl\/wordpress\/index.php?rest_route=\/wp\/v2\/pages\/7\/revisions"}],"predecessor-version":[{"id":104,"href":"https:\/\/asu.pl\/wordpress\/index.php?rest_route=\/wp\/v2\/pages\/7\/revisions\/104"}],"wp:attachment":[{"href":"https:\/\/asu.pl\/wordpress\/index.php?rest_route=%2Fwp%2Fv2%2Fmedia&parent=7"}],"curies":[{"name":"wp","href":"https:\/\/api.w.org\/{rel}","templated":true}]}}