{"id":5,"date":"2016-11-18T19:33:36","date_gmt":"2016-11-18T19:33:36","guid":{"rendered":"http:\/\/witalikkowal.nazwa.pl\/instalator\/asu\/?page_id=5"},"modified":"2025-03-13T20:41:35","modified_gmt":"2025-03-13T19:41:35","slug":"serwis","status":"publish","type":"page","link":"https:\/\/asu.pl\/wordpress\/?page_id=5","title":{"rendered":"Serwis"},"content":{"rendered":"<p>Zajmujemy si\u0119 kompleksow\u0105 napraw\u0105 samochod\u00f3w z rynku ameryka\u0144skiego. Jeste\u015bmy mi\u0142o\u015bnikami zar\u00f3wno modeli z lat 50 jak i najnowszych. Jest to nasz\u0105 pasj\u0105 dlatego, Twoje auto mo\u017ce poczu\u0107 si\u0119 wyj\u0105tkowe. Czym si\u0119 zajmujemy : &nbsp; elektryka i elektronika remonty silnik\u00f3w s <a href=\"https:\/\/asu.pl\/wordpress\/?page_id=5\" title=\"Read more on %s\" class=\"more-link\">read more<\/a><\/p>\n","protected":false},"excerpt":{"rendered":"<p>Zajmujemy si\u0119 kompleksow\u0105 napraw\u0105 samochod\u00f3w z rynku ameryka\u0144skiego. Jeste\u015bmy mi\u0142o\u015bnikami zar\u00f3wno modeli z lat 50 jak i najnowszych. Jest to nasz\u0105 pasj\u0105 dlatego, Twoje auto mo\u017ce poczu\u0107 si\u0119 wyj\u0105tkowe. Czym si\u0119 zajmujemy : &nbsp; elektryka i elektronika remonty silnik\u00f3w s read more<\/p>\n","protected":false},"author":1,"featured_media":0,"parent":0,"menu_order":3,"comment_status":"closed","ping_status":"closed","template":"","meta":{"footnotes":""},"class_list":["post-5","page","type-page","status-publish","hentry"],"_links":{"self":[{"href":"https:\/\/asu.pl\/wordpress\/index.php?rest_route=\/wp\/v2\/pages\/5","targetHints":{"allow":["GET"]}}],"collection":[{"href":"https:\/\/asu.pl\/wordpress\/index.php?rest_route=\/wp\/v2\/pages"}],"about":[{"href":"https:\/\/asu.pl\/wordpress\/index.php?rest_route=\/wp\/v2\/types\/page"}],"author":[{"embeddable":true,"href":"https:\/\/asu.pl\/wordpress\/index.php?rest_route=\/wp\/v2\/users\/1"}],"replies":[{"embeddable":true,"href":"https:\/\/asu.pl\/wordpress\/index.php?rest_route=%2Fwp%2Fv2%2Fcomments&post=5"}],"version-history":[{"count":39,"href":"https:\/\/asu.pl\/wordpress\/index.php?rest_route=\/wp\/v2\/pages\/5\/revisions"}],"predecessor-version":[{"id":248,"href":"https:\/\/asu.pl\/wordpress\/index.php?rest_route=\/wp\/v2\/pages\/5\/revisions\/248"}],"wp:attachment":[{"href":"https:\/\/asu.pl\/wordpress\/index.php?rest_route=%2Fwp%2Fv2%2Fmedia&parent=5"}],"curies":[{"name":"wp","href":"https:\/\/api.w.org\/{rel}","templated":true}]}}