{"id":18,"date":"2016-12-03T21:53:26","date_gmt":"2016-12-03T21:53:26","guid":{"rendered":"http:\/\/witalikkowal.nazwa.pl\/instalator\/asu\/?page_id=18"},"modified":"2025-03-13T20:00:52","modified_gmt":"2025-03-13T19:00:52","slug":"o-nas","status":"publish","type":"page","link":"https:\/\/asu.pl\/wordpress\/?page_id=18","title":{"rendered":"O Nas"},"content":{"rendered":"<p>Ju\u017c od ponad 30 lat ul. Buczacka 7 we Wroc\u0142awiu kojarzy si\u0119 z serwisem samochod\u00f3w ameryka\u0144skich. W pierwszej po\u0142owie lat 90-tych m\u00f3j ojciec Janusz Pater zacz\u0105\u0142 naprawia\u0107 samochody z USA. Warsztat szybko zas\u0142yn\u0105\u0142 dzi\u0119ki fachowym i szybkim naprawom. Nasze zainteresowania  <a href=\"https:\/\/asu.pl\/wordpress\/?page_id=18\" title=\"Read more on %s\" class=\"more-link\">read more<\/a><\/p>\n","protected":false},"excerpt":{"rendered":"<p>Ju\u017c od ponad 30 lat ul. Buczacka 7 we Wroc\u0142awiu kojarzy si\u0119 z serwisem samochod\u00f3w ameryka\u0144skich. W pierwszej po\u0142owie lat 90-tych m\u00f3j ojciec Janusz Pater zacz\u0105\u0142 naprawia\u0107 samochody z USA. Warsztat szybko zas\u0142yn\u0105\u0142 dzi\u0119ki fachowym i szybkim naprawom. Nasze zainteresowania read more<\/p>\n","protected":false},"author":1,"featured_media":0,"parent":0,"menu_order":2,"comment_status":"closed","ping_status":"closed","template":"","meta":{"footnotes":""},"class_list":["post-18","page","type-page","status-publish","hentry"],"_links":{"self":[{"href":"https:\/\/asu.pl\/wordpress\/index.php?rest_route=\/wp\/v2\/pages\/18","targetHints":{"allow":["GET"]}}],"collection":[{"href":"https:\/\/asu.pl\/wordpress\/index.php?rest_route=\/wp\/v2\/pages"}],"about":[{"href":"https:\/\/asu.pl\/wordpress\/index.php?rest_route=\/wp\/v2\/types\/page"}],"author":[{"embeddable":true,"href":"https:\/\/asu.pl\/wordpress\/index.php?rest_route=\/wp\/v2\/users\/1"}],"replies":[{"embeddable":true,"href":"https:\/\/asu.pl\/wordpress\/index.php?rest_route=%2Fwp%2Fv2%2Fcomments&post=18"}],"version-history":[{"count":29,"href":"https:\/\/asu.pl\/wordpress\/index.php?rest_route=\/wp\/v2\/pages\/18\/revisions"}],"predecessor-version":[{"id":246,"href":"https:\/\/asu.pl\/wordpress\/index.php?rest_route=\/wp\/v2\/pages\/18\/revisions\/246"}],"wp:attachment":[{"href":"https:\/\/asu.pl\/wordpress\/index.php?rest_route=%2Fwp%2Fv2%2Fmedia&parent=18"}],"curies":[{"name":"wp","href":"https:\/\/api.w.org\/{rel}","templated":true}]}}